{"id":16391,"date":"2015-05-04T08:29:34","date_gmt":"2015-05-04T06:29:34","guid":{"rendered":"https:\/\/www.ggminmi.si\/domov\/"},"modified":"2022-11-28T16:38:20","modified_gmt":"2022-11-28T15:38:20","slug":"domov","status":"publish","type":"page","link":"https:\/\/www.ggminmi.si\/it\/","title":{"rendered":"Ga\u0161par Ga\u0161par Mi\u0161i\u010d e noi"},"content":{"rendered":"<section class=\"wpb-content-wrapper\"><p>[vc_row css_animation=&#8221;&#8221; row_type=&#8221;row&#8221; use_row_as_full_screen_section=&#8221;no&#8221; type=&#8221;grid&#8221; angled_section=&#8221;no&#8221; text_align=&#8221;center&#8221; background_image_as_pattern=&#8221;without_pattern&#8221; padding_top=&#8221;50&#8243; z_index=&#8221;&#8221;][vc_column width=&#8221;1\/4&#8243;]<a  itemprop=\"url\" href=\"https:\/\/www.ggminmi.si\/it\/gaspar-gaspar-misic-per-il-sindaco\/\" target=\"_self\"  class=\"qbutton  center white default\" style=\"margin: 0 10px 10px 0; \">Candidato a sindaco &gt;<\/a>[vc_separator type=&#8221;transparent&#8221; thickness=&#8221;2&#8243; up=&#8221;10&#8243; down=&#8221;10&#8243;][\/vc_column][vc_column width=&#8221;1\/4&#8243;]<a  itemprop=\"url\" href=\"https:\/\/www.ggminmi.si\/it\/programma\" target=\"_self\"  class=\"qbutton  white default\" style=\"margin: 0 10px 10px 0; \">Programma &gt;<\/a>[vc_separator type=&#8221;transparent&#8221; thickness=&#8221;2&#8243; up=&#8221;10&#8243; down=&#8221;10&#8243;][\/vc_column][vc_column width=&#8221;1\/4&#8243;]<a  itemprop=\"url\" href=\"https:\/\/www.ggminmi.si\/it\/progetti\" target=\"_self\"  class=\"qbutton  white default\" style=\"margin: 0 10px 10px 0; \">Progetti &gt;<\/a>[vc_separator type=&#8221;transparent&#8221; thickness=&#8221;2&#8243; up=&#8221;10&#8243; down=&#8221;10&#8243;][\/vc_column][vc_column width=&#8221;1\/4&#8243;]<a  itemprop=\"url\" href=\"https:\/\/www.ggminmi.si\/it\/nostri-sostenitori\/\" target=\"_self\"  class=\"qbutton  white default\" style=\"margin: 0 10px 10px 0; \">I nostri sostenitori &gt;<\/a>[vc_separator type=&#8221;transparent&#8221; thickness=&#8221;2&#8243; up=&#8221;10&#8243; down=&#8221;10&#8243;][\/vc_column][\/vc_row][vc_row css_animation=&#8221;&#8221; row_type=&#8221;row&#8221; use_row_as_full_screen_section=&#8221;no&#8221; type=&#8221;grid&#8221; anchor=&#8221;o-nas&#8221; angled_section=&#8221;no&#8221; text_align=&#8221;left&#8221; background_image_as_pattern=&#8221;without_pattern&#8221; padding_top=&#8221;15&#8243; padding_bottom=&#8221;50&#8243; z_index=&#8221;&#8221;][vc_column css=&#8221;.vc_custom_1532339789603{padding-top: 0px !important;}&#8221;][qode_elements_holder number_of_columns=&#8221;two_columns&#8221;][qode_elements_holder_item item_padding=&#8221;50px 25px 0px 25px&#8221; vertical_alignment=&#8221;middle&#8221; horizontal_alignment=&#8221;center&#8221; advanced_animations=&#8221;no&#8221;][vc_column_text]<\/p>\n<h1 style=\"text-align: left;\"><strong>Pi\u00f9 ampio \u00e8 il nostro orizzonte, pi\u00f9 lontano vedremo. Pi\u00f9 lontano vediamo, pi\u00f9 lontano arriveremo.\u00a0<\/strong><\/h1>\n<p>&nbsp;<\/p>\n<h5 style=\"text-align: left;\">Lavoratori, artigiani e imprenditori, agricoltori, studenti, pensionati, personalit\u00e0 culturali, sportivi e altri cittadini del Comune di Pirano, che abbiamo raccolto le firme di sostegno e abbiamo esortato Ga\u0161par Ga\u0161par Mi\u0161i\u010d a candidarsi a sindaco del Comune di Pirano, siamo sicuri che il nostro candidato lavorer\u00e0 per il bene di tutte le cittadine e i cittadini. Finora si \u00e8 dimostrato un uomo d&#8217;azione, un buon leader e di successo, un economista e un politico che sa ascoltare tutte le persone. Ha sempre lavorato in modo coordinato, cosa che gli ha permesso di pianificare e realizzare molti progetti privati \u200b\u200be pubblici. Di recente lo ha dimostrato anche con la trasformazione e il risanamento con successo dell&#8217;Azienda pubblica Okolje Pirano.<\/h5>\n<p>&nbsp;<\/p>\n<h5 style=\"text-align: left;\">Forse \u00e8 giunto il momento per noi, in base all&#8217;esperienza acquisita finora prima delle elezioni, di non lasciarsi incantare dalla retorica e dalle promesse, ma di affidare la gestione del Comune a un candidato sindaco che abbia dimostrato di sapere, di poter e di voler lavorare per la collettivit\u00e0, per la soddisfazione e il benessere di tutti i cittadini.<\/h5>\n<p>&nbsp;<\/p>\n<h5 style=\"text-align: left;\">Le cittadine e i cittadini hanno interessi diversi, e di conseguenza anche necessit\u00e0 differenti, ma \u00e8 importante sapersi unire attorno a interessi e necessit\u00e0 comuni. Invece di sprecare opportunit\u00e0, dobbiamo unirci sulle priorit\u00e0 di sviluppo per una sana crescita della nostra comunit\u00e0. Solo gli obiettivi ponderati e ben impostati ci portano dove vogliamo andare.<\/h5>\n<p>&nbsp;<\/p>\n<h5 style=\"text-align: left;\">Siamo consapevoli che lo sviluppo futuro dell&#8217;Istria dipende dalla politica del nostro Comune, il pi\u00f9 grande comune turistico del Paese, che insieme agli altri comuni dovrebbe costruire una destinazione unificata culturale, turistica, sportiva, logistica, sostenibile ed economicamente forte. Una meta turistica non \u00e8 solo mare e sole, bens\u00ec un luogo e persone con una propria cultura. La comunit\u00e0 locale deve essere abilitata a mostrare la sua creativit\u00e0 e talento artistico, tradizione, storia e valori morali. Tutto questo dovrebbe essere accompagnato da infrastrutture moderne e confortevoli, che dobbiamo costruire. Questo pu\u00f2 essere ottenuto solo con un sindaco coordinatore e attivo, come il nostro candidato.<\/h5>\n<p>&nbsp;<\/p>\n<h5 style=\"text-align: left;\">Fiducia, rispetto e cooperazione sono le basi di buoni rapporti per tutti quelli che si sforzano di identificare le priorit\u00e0 sociali. Possiamo ottenere un futuro migliore creandolo noi stessi. La base della nostra attivit\u00e0 \u00e8 dare importanza alle persone e un\u2019apertura alla cooperazione con tutte le cittadine e i cittadini.<\/h5>\n<p>&nbsp;<\/p>\n<h5 style=\"text-align: left;\"><span style=\"color: #95c11f;\"><strong>SEGUITECI, SEGUITE IL PROGRESSO!\u00a0\u00a0<\/strong><\/span><\/h5>\n<p>&nbsp;<\/p>\n<h5 style=\"text-align: left;\">Proponente della candidatura alla carica di sindaco: <strong>Egon \u0160tibilj<\/strong><\/h5>\n<p>[\/vc_column_text][vc_separator type=&#8221;transparent&#8221; thickness=&#8221;2&#8243; up=&#8221;10&#8243; down=&#8221;10&#8243;][\/qode_elements_holder_item][qode_elements_holder_item item_padding=&#8221;50px 25px 0px 25px&#8221; vertical_alignment=&#8221;top&#8221; horizontal_alignment=&#8221;center&#8221; advanced_animations=&#8221;no&#8221;][vc_single_image image=&#8221;16800&#8243; img_size=&#8221;large&#8221; alignment=&#8221;center&#8221; qode_css_animation=&#8221;&#8221;][vc_separator type=&#8221;transparent&#8221; thickness=&#8221;2&#8243; up=&#8221;10&#8243; down=&#8221;10&#8243;][\/qode_elements_holder_item][\/qode_elements_holder][\/vc_column][\/vc_row][vc_row css_animation=&#8221;&#8221; row_type=&#8221;row&#8221; use_row_as_full_screen_section=&#8221;no&#8221; type=&#8221;grid&#8221; anchor=&#8221;oddaj-predloge&#8221; angled_section=&#8221;no&#8221; text_align=&#8221;center&#8221; background_image_as_pattern=&#8221;without_pattern&#8221; background_color=&#8221;#263562&#8243; padding_top=&#8221;60&#8243; padding_bottom=&#8221;60&#8243; z_index=&#8221;&#8221;][vc_column][vc_row_inner row_type=&#8221;row&#8221; type=&#8221;full_width&#8221; text_align=&#8221;center&#8221; css_animation=&#8221;&#8221;][vc_column_inner][vc_column_text]<\/p>\n<h5><span style=\"color: #ffffff;\">Daremo ascolto anche alle cittadine e ai cittadini che non sono stati ascoltati in passato. Terremo conto delle opinioni di tutti quelli che esprimono la loro disponibilit\u00e0 a partecipare allo sviluppo del Comune di Pirano.<\/span><\/h5>\n<p>[\/vc_column_text][vc_separator type=&#8221;transparent&#8221; up=&#8221;40&#8243; down=&#8221;0&#8243;]<a  itemprop=\"url\" href=\"https:\/\/www.ggminmi.si\/it\/invia-le-proposte\" target=\"_self\"  class=\"qbutton  white default\" style=\"margin: 0 10px 10px 0; \">Invia le proposte<\/a>[\/vc_column_inner][\/vc_row_inner][\/vc_column][\/vc_row][vc_row css_animation=&#8221;&#8221; row_type=&#8221;row&#8221; use_row_as_full_screen_section=&#8221;no&#8221; type=&#8221;grid&#8221; anchor=&#8221;contatto&#8221; angled_section=&#8221;no&#8221; text_align=&#8221;center&#8221; background_image_as_pattern=&#8221;without_pattern&#8221; padding_top=&#8221;50&#8243; padding_bottom=&#8221;90&#8243; z_index=&#8221;&#8221;][vc_column width=&#8221;1\/2&#8243; css=&#8221;.vc_custom_1532339789603{padding-top: 0px !important;}&#8221;][vc_column_text]<\/p>\n<h1 style=\"text-align: center;\">Contatto<\/h1>\n<p>[\/vc_column_text][vc_separator type=&#8221;small&#8221; position=&#8221;center&#8221; thickness=&#8221;2&#8243; up=&#8221;20&#8243; down=&#8221;30&#8243;][vc_column_text]<\/p>\n<h5 style=\"text-align: center;\"><strong>GGM in mi \u2013 Ga\u0161par Ga\u0161par Mi\u0161i\u010d in mi<\/strong><\/h5>\n<h5 style=\"text-align: center;\">E: ggminmi2022@gmail.com<\/h5>\n<p>[\/vc_column_text][vc_separator type=&#8221;transparent&#8221; up=&#8221;40&#8243; down=&#8221;0&#8243;][\/vc_column][vc_column width=&#8221;1\/2&#8243;][vc_column_text]<\/p>\n<h1 style=\"text-align: center;\">Connessione<\/h1>\n<p>[\/vc_column_text][vc_separator type=&#8221;small&#8221; position=&#8221;center&#8221; thickness=&#8221;2&#8243; up=&#8221;20&#8243; down=&#8221;30&#8243;][vc_column_text]<\/p>\n<p style=\"text-align: center;\"><span class='q_social_icon_holder circle_social' ><a itemprop='url' href='https:\/\/www.facebook.com\/ggminmi' target='_blank'><span class='fa-stack fa-lg' style='border-width: 0px;margin: 0 5px 0 0;font-size: 30px;'><i class=\"qode_icon_font_awesome fa fa-facebook \" style=\"font-size: 20px;\" ><\/i><\/span><\/a><\/span>\u00a0 <span class='q_social_icon_holder circle_social' ><a itemprop='url' href='https:\/\/www.youtube.com\/channel\/UCGVdw6T0gT0H3tcKGinFYHg' target=''><span class='fa-stack fa-lg' style='border-width: 0px;margin: 0 5px 0 0;font-size: 30px;'><i class=\"qode_icon_font_awesome fa fa-youtube \" style=\"font-size: 20px;\" ><\/i><\/span><\/a><\/span>\u00a0 <span class='q_social_icon_holder circle_social' ><a itemprop='url' href='mailto:ggminmi2022@gmail.com' target=''><span class='fa-stack fa-lg' style='border-width: 0px;margin: 0 5px 0 0;font-size: 30px;'><i class=\"qode_icon_font_awesome fa fa-envelope \" style=\"font-size: 20px;\" ><\/i><\/span><\/a><\/span><\/p>\n<p>[\/vc_column_text][\/vc_column][\/vc_row]<\/p>\n<\/section>","protected":false},"excerpt":{"rendered":"<p>[vc_row css_animation=&#8221;&#8221; row_type=&#8221;row&#8221; use_row_as_full_screen_section=&#8221;no&#8221; type=&#8221;grid&#8221; angled_section=&#8221;no&#8221; text_align=&#8221;center&#8221; background_image_as_pattern=&#8221;without_pattern&#8221; padding_top=&#8221;50&#8243; z_index=&#8221;&#8221;][vc_column width=&#8221;1\/4&#8243;][vc_separator type=&#8221;transparent&#8221; thickness=&#8221;2&#8243; up=&#8221;10&#8243; down=&#8221;10&#8243;][\/vc_column][vc_column width=&#8221;1\/4&#8243;][vc_separator type=&#8221;transparent&#8221; thickness=&#8221;2&#8243; up=&#8221;10&#8243; down=&#8221;10&#8243;][\/vc_column][vc_column width=&#8221;1\/4&#8243;][vc_separator type=&#8221;transparent&#8221; thickness=&#8221;2&#8243; up=&#8221;10&#8243; down=&#8221;10&#8243;][\/vc_column][vc_column width=&#8221;1\/4&#8243;][vc_separator type=&#8221;transparent&#8221; thickness=&#8221;2&#8243; up=&#8221;10&#8243; down=&#8221;10&#8243;][\/vc_column][\/vc_row][vc_row css_animation=&#8221;&#8221; row_type=&#8221;row&#8221; use_row_as_full_screen_section=&#8221;no&#8221; type=&#8221;grid&#8221; anchor=&#8221;o-nas&#8221; angled_section=&#8221;no&#8221; text_align=&#8221;left&#8221; background_image_as_pattern=&#8221;without_pattern&#8221; padding_top=&#8221;15&#8243; padding_bottom=&#8221;50&#8243; z_index=&#8221;&#8221;][vc_column css=&#8221;.vc_custom_1532339789603{padding-top: 0px !important;}&#8221;][qode_elements_holder number_of_columns=&#8221;two_columns&#8221;][qode_elements_holder_item<\/p>\n","protected":false},"author":1,"featured_media":0,"parent":0,"menu_order":0,"comment_status":"open","ping_status":"closed","template":"full_width.php","meta":{"_monsterinsights_skip_tracking":false,"_monsterinsights_sitenote_active":false,"_monsterinsights_sitenote_note":"","_monsterinsights_sitenote_category":0},"_links":{"self":[{"href":"https:\/\/www.ggminmi.si\/it\/wp-json\/wp\/v2\/pages\/16391"}],"collection":[{"href":"https:\/\/www.ggminmi.si\/it\/wp-json\/wp\/v2\/pages"}],"about":[{"href":"https:\/\/www.ggminmi.si\/it\/wp-json\/wp\/v2\/types\/page"}],"author":[{"embeddable":true,"href":"https:\/\/www.ggminmi.si\/it\/wp-json\/wp\/v2\/users\/1"}],"replies":[{"embeddable":true,"href":"https:\/\/www.ggminmi.si\/it\/wp-json\/wp\/v2\/comments?post=16391"}],"version-history":[{"count":14,"href":"https:\/\/www.ggminmi.si\/it\/wp-json\/wp\/v2\/pages\/16391\/revisions"}],"predecessor-version":[{"id":16802,"href":"https:\/\/www.ggminmi.si\/it\/wp-json\/wp\/v2\/pages\/16391\/revisions\/16802"}],"wp:attachment":[{"href":"https:\/\/www.ggminmi.si\/it\/wp-json\/wp\/v2\/media?parent=16391"}],"curies":[{"name":"wp","href":"https:\/\/api.w.org\/{rel}","templated":true}]}}